{"id":224,"date":"2014-09-02T19:30:38","date_gmt":"2014-09-02T19:30:38","guid":{"rendered":"http:\/\/www.mediaartscultures.eu\/wp\/?page_id=224"},"modified":"2022-03-30T18:12:18","modified_gmt":"2022-03-30T16:12:18","slug":"contact","status":"publish","type":"page","link":"https:\/\/www.mediaartscultures.eu\/mediaac\/contact\/","title":{"rendered":"Contact"},"content":{"rendered":"<p><strong>Coordination MediaAC Secretariat<\/strong><\/p>\n<p>Email:<br \/>\nMediaAC(at)donau-uni.ac.at<\/p>\n<p>Geographical address of coordinator:<br \/>\nUniversity for Continuing Education Krems \/ Universit\u00e4t f\u00fcr Weiterbildung Krems<br \/>\nCenter for Image Science &#8211; MediaAC Secretariat<br \/>\nDr.-Karl-Dorrek-Stra\u00dfe 30<br \/>\n3500 Krems<br \/>\nAUSTRIA<\/p>\n","protected":false},"excerpt":{"rendered":"<p>Coordination MediaAC Secretariat Email: MediaAC(at)donau-uni.ac.at Geographical address of coordinator: University for Continuing Education Krems \/ Universit\u00e4t f\u00fcr Weiterbildung Krems Center for Image Science &#8211; MediaAC Secretariat Dr.-Karl-Dorrek-Stra\u00dfe 30 3500 Krems AUSTRIA<\/p>\n","protected":false},"author":2,"featured_media":0,"parent":0,"menu_order":5,"comment_status":"closed","ping_status":"open","template":"","meta":{"footnotes":""},"class_list":["post-224","page","type-page","status-publish","hentry"],"_links":{"self":[{"href":"https:\/\/www.mediaartscultures.eu\/mediaac\/wp-json\/wp\/v2\/pages\/224","targetHints":{"allow":["GET"]}}],"collection":[{"href":"https:\/\/www.mediaartscultures.eu\/mediaac\/wp-json\/wp\/v2\/pages"}],"about":[{"href":"https:\/\/www.mediaartscultures.eu\/mediaac\/wp-json\/wp\/v2\/types\/page"}],"author":[{"embeddable":true,"href":"https:\/\/www.mediaartscultures.eu\/mediaac\/wp-json\/wp\/v2\/users\/2"}],"replies":[{"embeddable":true,"href":"https:\/\/www.mediaartscultures.eu\/mediaac\/wp-json\/wp\/v2\/comments?post=224"}],"version-history":[{"count":2,"href":"https:\/\/www.mediaartscultures.eu\/mediaac\/wp-json\/wp\/v2\/pages\/224\/revisions"}],"predecessor-version":[{"id":2605,"href":"https:\/\/www.mediaartscultures.eu\/mediaac\/wp-json\/wp\/v2\/pages\/224\/revisions\/2605"}],"wp:attachment":[{"href":"https:\/\/www.mediaartscultures.eu\/mediaac\/wp-json\/wp\/v2\/media?parent=224"}],"curies":[{"name":"wp","href":"https:\/\/api.w.org\/{rel}","templated":true}]}}