{"id":1137,"date":"2015-10-28T14:05:30","date_gmt":"2015-10-28T14:05:30","guid":{"rendered":"http:\/\/www.mediaartscultures.eu\/mediaac\/?page_id=1137"},"modified":"2022-03-30T18:17:30","modified_gmt":"2022-03-30T16:17:30","slug":"imprint","status":"publish","type":"page","link":"https:\/\/www.mediaartscultures.eu\/mediaac\/imprint\/","title":{"rendered":"Imprint"},"content":{"rendered":"<article id=\"content\">\n<div class=\"item-pageimprint\">\n<div><i>Information according to \u00a7 5 Austrian E-Commerce Act and Disclosure according to \u00a7 25 Austrian Media Act<\/i><\/div>\n<div>\n<hr \/>\n<p><strong>Intention of this Website<\/strong><br \/>\nThis website informs about the Erasmus+ supported Erasmus Mundus Joint Master Degree in MEDIA ARTS CULTURES (MediaAC)<br \/>\nWebmaster:\u00a0 (<a class=\"mail\" title=\"Opens window for sending email\">mediaac(at)donau-uni.ac.at<\/a>), <a href=\"http:\/\/www.donau-uni.ac.at\/en\/index.php\" target=\"_blank\" rel=\"noopener\">University of Continuing Education Krems\/Austria<\/a><\/p>\n<\/div>\n<div>\n<hr \/>\n<\/div>\n<div><strong>Disclaimer of Warranty<\/strong><br \/>\nThe information on this website was carefully reviewed. Nevertheless, we do not guarantee for the accuracy, completeness and the timeliness of the information provided. Please consider, that information\/data on this web site could be infected with malware.<\/div>\n<div>\n<hr \/>\n<p><strong>Copyright<\/strong><br \/>\nThe content of this website is copyrighted. Using (parts of) this content is only allowed with an explicit permission of the respective owner.<\/p>\n<\/div>\n<div>\n<hr \/>\n<p><strong>Concept, Design, Webdevelopment<\/strong><br \/>\nCenter for Image Science, University for Continuing Education Krems<\/p>\n<\/div>\n<div>\n<hr \/>\n<p><strong>Links<\/strong><br \/>\nLinking to the pages of this website is explicitly welcome.<br \/>\nIt is forbidden to show pages of this website in a frame set of another webpage.<br \/>\nOur links to other websites are intended to be useful hints for our visitors, but we do not identify ourselves with the content of those websites and we are not liable for their content. In case one of the sites that we link to contains questionable or illegal content, we would be happy if you could inform us in order to delete those links. <strong>Personal Data<\/strong><br \/>\nWith regard to the application process and\u00a0other communication, MediaAC programme management declares that information relating to individuals (personal data) is collected and used in accordance with the Regulation (EC) N\u00b0 45\/2001 of the European Parliament and of the Council of 18.12.2000 on the protection of individuals with regard to the processing of personal data by the Community institutions and bodies and on the free movement of such data (OJ L8 of 12.1.2001, p. 1).<\/p>\n<hr \/>\n<p><strong>Google Analytics<\/strong><br \/>\n&#8220;Diese Website benutzt Google Analytics, einen Webanalysedienst der Google Inc. (&#8220;Google&#8221;). Google Analytics verwendet sog. &#8220;Cookies&#8221;, Textdateien, die auf Ihrem Computer gespeichert werden und die eine Analyse der Benutzung der Website durch Sie erm\u00f6glichen. Die durch den Cookie erzeugten Informationen \u00fcber Ihre Benutzung dieser Website werden in der Regel an einen Server von Google in den USA \u00fcbertragen und dort gespeichert. Im Falle der Aktivierung der IP-Anonymisierung auf dieser Webseite, wird Ihre IP-Adresse von Google jedoch innerhalb von Mitgliedstaaten der Europ\u00e4ischen Union oder in anderen Vertragsstaaten des Abkommens \u00fcber den Europ\u00e4ischen Wirtschaftsraum zuvor gek\u00fcrzt. Nur in Ausnahmef\u00e4llen wird die volle IP-Adresse an einen Server von Google in den USA \u00fcbertragen und dort gek\u00fcrzt. Im Auftrag des Betreibers dieser Website wird Google diese Informationen benutzen, um Ihre Nutzung der Website auszuwerten, um Reports \u00fcber die Websiteaktivit\u00e4ten zusammenzustellen und um weitere mit der Websitenutzung und der Internetnutzung verbundene Dienstleistungen gegen\u00fcber dem Websitebetreiber zu erbringen. Die im Rahmen von Google Analytics von Ihrem Browser \u00fcbermittelte IP-Adresse wird nicht mit anderen Daten von Google zusammengef\u00fchrt. Sie k\u00f6nnen die Speicherung der Cookies durch eine entsprechende Einstellung Ihrer Browser-Software verhindern; wir weisen Sie jedoch darauf hin, dass Sie in diesem Fall gegebenenfalls nicht s\u00e4mtliche Funktionen dieser Website vollumf\u00e4nglich werden nutzen k\u00f6nnen. Sie k\u00f6nnen dar\u00fcber hinaus die Erfassung der durch das Cookie erzeugten und auf Ihre Nutzung der Website bezogenen Daten (inkl. Ihrer IP-Adresse) an Google sowie die Verarbeitung dieser Daten durch Google verhindern, indem sie das unter dem folgenden Link verf\u00fcgbare Browser-Plugin herunterladen und installieren <a href=\"http:\/\/tools.google.com\/dlpage\/gaoptout?hl=de.\" target=\"_blank\" rel=\"noopener\">http:\/\/tools.google.com\/dlpage\/gaoptout?hl=de.<\/a>&#8221;<\/p>\n<\/div>\n<\/div>\n<\/article>\n","protected":false},"excerpt":{"rendered":"<p>Information according to \u00a7 5 Austrian E-Commerce Act and Disclosure according to \u00a7 25 Austrian Media Act Intention of this Website This website informs about the Erasmus+ supported Erasmus Mundus Joint Master Degree in MEDIA ARTS CULTURES (MediaAC) Webmaster:\u00a0 (mediaac(at)donau-uni.ac.at), University of Continuing Education Krems\/Austria Disclaimer of Warranty The information on this website was carefully&hellip;<\/p>\n","protected":false},"author":2,"featured_media":0,"parent":0,"menu_order":0,"comment_status":"closed","ping_status":"open","template":"","meta":{"footnotes":""},"class_list":["post-1137","page","type-page","status-publish","hentry"],"_links":{"self":[{"href":"https:\/\/www.mediaartscultures.eu\/mediaac\/wp-json\/wp\/v2\/pages\/1137","targetHints":{"allow":["GET"]}}],"collection":[{"href":"https:\/\/www.mediaartscultures.eu\/mediaac\/wp-json\/wp\/v2\/pages"}],"about":[{"href":"https:\/\/www.mediaartscultures.eu\/mediaac\/wp-json\/wp\/v2\/types\/page"}],"author":[{"embeddable":true,"href":"https:\/\/www.mediaartscultures.eu\/mediaac\/wp-json\/wp\/v2\/users\/2"}],"replies":[{"embeddable":true,"href":"https:\/\/www.mediaartscultures.eu\/mediaac\/wp-json\/wp\/v2\/comments?post=1137"}],"version-history":[{"count":11,"href":"https:\/\/www.mediaartscultures.eu\/mediaac\/wp-json\/wp\/v2\/pages\/1137\/revisions"}],"predecessor-version":[{"id":2609,"href":"https:\/\/www.mediaartscultures.eu\/mediaac\/wp-json\/wp\/v2\/pages\/1137\/revisions\/2609"}],"wp:attachment":[{"href":"https:\/\/www.mediaartscultures.eu\/mediaac\/wp-json\/wp\/v2\/media?parent=1137"}],"curies":[{"name":"wp","href":"https:\/\/api.w.org\/{rel}","templated":true}]}}